{"id":975,"date":"2021-01-19T13:22:09","date_gmt":"2021-01-19T12:22:09","guid":{"rendered":"https:\/\/www.juniorinternet.sk\/cms\/?page_id=975"},"modified":"2021-01-19T15:26:21","modified_gmt":"2021-01-19T14:26:21","slug":"videa","status":"publish","type":"page","link":"https:\/\/www.juniorinternet.sk\/cms\/videa\/","title":{"rendered":"Vide\u00e1"},"content":{"rendered":"\t\t<div data-elementor-type=\"wp-page\" data-elementor-id=\"975\" class=\"elementor elementor-975\">\n\t\t\t\t\t\t<section class=\"elementor-section elementor-top-section elementor-element elementor-element-795360c elementor-section-boxed elementor-section-height-default elementor-section-height-default\" data-id=\"795360c\" data-element_type=\"section\">\n\t\t\t\t\t\t<div class=\"elementor-container elementor-column-gap-default\">\n\t\t\t\t\t<div class=\"elementor-column elementor-col-100 elementor-top-column elementor-element elementor-element-e67ae30\" data-id=\"e67ae30\" data-element_type=\"column\">\n\t\t\t<div class=\"elementor-widget-wrap elementor-element-populated\">\n\t\t\t\t\t\t<div class=\"elementor-element elementor-element-dadacd2 elementor-widget elementor-widget-video\" data-id=\"dadacd2\" data-element_type=\"widget\" data-settings=\"{&quot;youtube_url&quot;:&quot;https:\\\/\\\/youtu.be\\\/sR-kWj3i-T4&quot;,&quot;video_type&quot;:&quot;youtube&quot;,&quot;controls&quot;:&quot;yes&quot;}\" data-widget_type=\"video.default\">\n\t\t\t\t<div class=\"elementor-widget-container\">\n\t\t\t\t\t<div class=\"elementor-wrapper elementor-open-inline\">\n\t\t\t<div class=\"elementor-video\"><\/div>\t\t<\/div>\n\t\t\t\t<\/div>\n\t\t\t\t<\/div>\n\t\t\t\t\t<\/div>\n\t\t<\/div>\n\t\t\t\t\t<\/div>\n\t\t<\/section>\n\t\t\t\t<section class=\"elementor-section elementor-top-section elementor-element elementor-element-2bba9bd elementor-section-boxed elementor-section-height-default elementor-section-height-default\" data-id=\"2bba9bd\" data-element_type=\"section\">\n\t\t\t\t\t\t<div class=\"elementor-container elementor-column-gap-default\">\n\t\t\t\t\t<div class=\"elementor-column elementor-col-100 elementor-top-column elementor-element elementor-element-a0edf16\" data-id=\"a0edf16\" data-element_type=\"column\">\n\t\t\t<div class=\"elementor-widget-wrap elementor-element-populated\">\n\t\t\t\t\t\t<div class=\"elementor-element elementor-element-4c09ffb elementor-widget elementor-widget-video\" data-id=\"4c09ffb\" data-element_type=\"widget\" data-settings=\"{&quot;youtube_url&quot;:&quot;https:\\\/\\\/www.youtube.com\\\/watch?v=1yjM7DSkDmM&quot;,&quot;video_type&quot;:&quot;youtube&quot;,&quot;controls&quot;:&quot;yes&quot;}\" data-widget_type=\"video.default\">\n\t\t\t\t<div class=\"elementor-widget-container\">\n\t\t\t\t\t<div class=\"elementor-wrapper elementor-open-inline\">\n\t\t\t<div class=\"elementor-video\"><\/div>\t\t<\/div>\n\t\t\t\t<\/div>\n\t\t\t\t<\/div>\n\t\t\t\t\t<\/div>\n\t\t<\/div>\n\t\t\t\t\t<\/div>\n\t\t<\/section>\n\t\t\t\t<section class=\"elementor-section elementor-top-section elementor-element elementor-element-b5ec2b5 elementor-section-boxed elementor-section-height-default elementor-section-height-default\" data-id=\"b5ec2b5\" data-element_type=\"section\">\n\t\t\t\t\t\t<div class=\"elementor-container elementor-column-gap-default\">\n\t\t\t\t\t<div class=\"elementor-column elementor-col-100 elementor-top-column elementor-element elementor-element-0da0940\" data-id=\"0da0940\" data-element_type=\"column\">\n\t\t\t<div class=\"elementor-widget-wrap elementor-element-populated\">\n\t\t\t\t\t\t<div class=\"elementor-element elementor-element-8a60172 elementor-widget elementor-widget-video\" data-id=\"8a60172\" data-element_type=\"widget\" data-settings=\"{&quot;youtube_url&quot;:&quot;https:\\\/\\\/www.youtube.com\\\/watch?v=tKScPFFPnJk&quot;,&quot;video_type&quot;:&quot;youtube&quot;,&quot;controls&quot;:&quot;yes&quot;}\" data-widget_type=\"video.default\">\n\t\t\t\t<div class=\"elementor-widget-container\">\n\t\t\t\t\t<div class=\"elementor-wrapper elementor-open-inline\">\n\t\t\t<div class=\"elementor-video\"><\/div>\t\t<\/div>\n\t\t\t\t<\/div>\n\t\t\t\t<\/div>\n\t\t\t\t\t<\/div>\n\t\t<\/div>\n\t\t\t\t\t<\/div>\n\t\t<\/section>\n\t\t\t\t<\/div>\n\t\t","protected":false},"excerpt":{"rendered":"<p>https:\/\/youtu.be\/sR-kWj3i-T4https:\/\/www.youtube.com\/watch?v=1yjM7DSkDmMhttps:\/\/www.youtube.com\/watch?v=tKScPFFPnJk<\/p>\n","protected":false},"author":1,"featured_media":0,"parent":0,"menu_order":0,"comment_status":"closed","ping_status":"closed","template":"","meta":{"site-sidebar-layout":"no-sidebar","site-content-layout":"page-builder","ast-global-header-display":"","ast-main-header-display":"","ast-hfb-above-header-display":"","ast-hfb-below-header-display":"","ast-hfb-mobile-header-display":"","site-post-title":"disabled","ast-breadcrumbs-content":"","ast-featured-img":"disabled","footer-sml-layout":"","theme-transparent-header-meta":"default","adv-header-id-meta":"","stick-header-meta":"","header-above-stick-meta":"","header-main-stick-meta":"","header-below-stick-meta":"","_joinchat":[]},"yoast_head":"<!-- This site is optimized with the Yoast SEO plugin v20.7 - https:\/\/yoast.com\/wordpress\/plugins\/seo\/ -->\n<title>Vide\u00e1 - JUNIOR INTERNET AMAVET<\/title>\n<meta name=\"robots\" content=\"index, follow, max-snippet:-1, max-image-preview:large, max-video-preview:-1\" \/>\n<link rel=\"canonical\" href=\"https:\/\/www.juniorinternet.sk\/cms\/videa\/\" \/>\n<meta property=\"og:locale\" content=\"sk_SK\" \/>\n<meta property=\"og:type\" content=\"article\" \/>\n<meta property=\"og:title\" content=\"Vide\u00e1 - JUNIOR INTERNET AMAVET\" \/>\n<meta property=\"og:description\" content=\"https:\/\/youtu.be\/sR-kWj3i-T4https:\/\/www.youtube.com\/watch?v=1yjM7DSkDmMhttps:\/\/www.youtube.com\/watch?v=tKScPFFPnJk\" \/>\n<meta property=\"og:url\" content=\"https:\/\/www.juniorinternet.sk\/cms\/videa\/\" \/>\n<meta property=\"og:site_name\" content=\"JUNIOR INTERNET AMAVET\" \/>\n<meta property=\"article:publisher\" content=\"https:\/\/www.facebook.com\/amavet\/\" \/>\n<meta property=\"article:modified_time\" content=\"2021-01-19T14:26:21+00:00\" \/>\n<meta name=\"twitter:card\" content=\"summary_large_image\" \/>\n<script type=\"application\/ld+json\" class=\"yoast-schema-graph\">{\"@context\":\"https:\/\/schema.org\",\"@graph\":[{\"@type\":\"WebPage\",\"@id\":\"https:\/\/www.juniorinternet.sk\/cms\/videa\/\",\"url\":\"https:\/\/www.juniorinternet.sk\/cms\/videa\/\",\"name\":\"Vide\u00e1 - JUNIOR INTERNET AMAVET\",\"isPartOf\":{\"@id\":\"https:\/\/www.juniorinternet.sk\/cms\/#website\"},\"datePublished\":\"2021-01-19T12:22:09+00:00\",\"dateModified\":\"2021-01-19T14:26:21+00:00\",\"breadcrumb\":{\"@id\":\"https:\/\/www.juniorinternet.sk\/cms\/videa\/#breadcrumb\"},\"inLanguage\":\"sk-SK\",\"potentialAction\":[{\"@type\":\"ReadAction\",\"target\":[\"https:\/\/www.juniorinternet.sk\/cms\/videa\/\"]}]},{\"@type\":\"BreadcrumbList\",\"@id\":\"https:\/\/www.juniorinternet.sk\/cms\/videa\/#breadcrumb\",\"itemListElement\":[{\"@type\":\"ListItem\",\"position\":1,\"name\":\"Home\",\"item\":\"https:\/\/www.juniorinternet.sk\/cms\/\"},{\"@type\":\"ListItem\",\"position\":2,\"name\":\"Vide\u00e1\"}]},{\"@type\":\"WebSite\",\"@id\":\"https:\/\/www.juniorinternet.sk\/cms\/#website\",\"url\":\"https:\/\/www.juniorinternet.sk\/cms\/\",\"name\":\"Junior Internet\",\"description\":\"Organiz\u00e1tor AMAVET\",\"publisher\":{\"@id\":\"https:\/\/www.juniorinternet.sk\/cms\/#organization\"},\"potentialAction\":[{\"@type\":\"SearchAction\",\"target\":{\"@type\":\"EntryPoint\",\"urlTemplate\":\"https:\/\/www.juniorinternet.sk\/cms\/?s={search_term_string}\"},\"query-input\":\"required name=search_term_string\"}],\"inLanguage\":\"sk-SK\"},{\"@type\":\"Organization\",\"@id\":\"https:\/\/www.juniorinternet.sk\/cms\/#organization\",\"name\":\"Asoci\u00e1cia pre ml\u00e1de\u017e, vedu a techniku\",\"url\":\"https:\/\/www.juniorinternet.sk\/cms\/\",\"logo\":{\"@type\":\"ImageObject\",\"inLanguage\":\"sk-SK\",\"@id\":\"https:\/\/www.juniorinternet.sk\/cms\/#\/schema\/logo\/image\/\",\"url\":\"https:\/\/www.juniorinternet.sk\/cms\/wp-content\/uploads\/2020\/01\/JI_orange_zm.png\",\"contentUrl\":\"https:\/\/www.juniorinternet.sk\/cms\/wp-content\/uploads\/2020\/01\/JI_orange_zm.png\",\"width\":350,\"height\":104,\"caption\":\"Asoci\u00e1cia pre ml\u00e1de\u017e, vedu a techniku\"},\"image\":{\"@id\":\"https:\/\/www.juniorinternet.sk\/cms\/#\/schema\/logo\/image\/\"},\"sameAs\":[\"https:\/\/www.facebook.com\/amavet\/\",\"https:\/\/www.instagram.com\/amavetsk\/\",\"https:\/\/www.youtube.com\/user\/AMAVETsk\"]}]}<\/script>\n<!-- \/ Yoast SEO plugin. -->","yoast_head_json":{"title":"Vide\u00e1 - JUNIOR INTERNET AMAVET","robots":{"index":"index","follow":"follow","max-snippet":"max-snippet:-1","max-image-preview":"max-image-preview:large","max-video-preview":"max-video-preview:-1"},"canonical":"https:\/\/www.juniorinternet.sk\/cms\/videa\/","og_locale":"sk_SK","og_type":"article","og_title":"Vide\u00e1 - JUNIOR INTERNET AMAVET","og_description":"https:\/\/youtu.be\/sR-kWj3i-T4https:\/\/www.youtube.com\/watch?v=1yjM7DSkDmMhttps:\/\/www.youtube.com\/watch?v=tKScPFFPnJk","og_url":"https:\/\/www.juniorinternet.sk\/cms\/videa\/","og_site_name":"JUNIOR INTERNET AMAVET","article_publisher":"https:\/\/www.facebook.com\/amavet\/","article_modified_time":"2021-01-19T14:26:21+00:00","twitter_card":"summary_large_image","schema":{"@context":"https:\/\/schema.org","@graph":[{"@type":"WebPage","@id":"https:\/\/www.juniorinternet.sk\/cms\/videa\/","url":"https:\/\/www.juniorinternet.sk\/cms\/videa\/","name":"Vide\u00e1 - JUNIOR INTERNET AMAVET","isPartOf":{"@id":"https:\/\/www.juniorinternet.sk\/cms\/#website"},"datePublished":"2021-01-19T12:22:09+00:00","dateModified":"2021-01-19T14:26:21+00:00","breadcrumb":{"@id":"https:\/\/www.juniorinternet.sk\/cms\/videa\/#breadcrumb"},"inLanguage":"sk-SK","potentialAction":[{"@type":"ReadAction","target":["https:\/\/www.juniorinternet.sk\/cms\/videa\/"]}]},{"@type":"BreadcrumbList","@id":"https:\/\/www.juniorinternet.sk\/cms\/videa\/#breadcrumb","itemListElement":[{"@type":"ListItem","position":1,"name":"Home","item":"https:\/\/www.juniorinternet.sk\/cms\/"},{"@type":"ListItem","position":2,"name":"Vide\u00e1"}]},{"@type":"WebSite","@id":"https:\/\/www.juniorinternet.sk\/cms\/#website","url":"https:\/\/www.juniorinternet.sk\/cms\/","name":"Junior Internet","description":"Organiz\u00e1tor AMAVET","publisher":{"@id":"https:\/\/www.juniorinternet.sk\/cms\/#organization"},"potentialAction":[{"@type":"SearchAction","target":{"@type":"EntryPoint","urlTemplate":"https:\/\/www.juniorinternet.sk\/cms\/?s={search_term_string}"},"query-input":"required name=search_term_string"}],"inLanguage":"sk-SK"},{"@type":"Organization","@id":"https:\/\/www.juniorinternet.sk\/cms\/#organization","name":"Asoci\u00e1cia pre ml\u00e1de\u017e, vedu a techniku","url":"https:\/\/www.juniorinternet.sk\/cms\/","logo":{"@type":"ImageObject","inLanguage":"sk-SK","@id":"https:\/\/www.juniorinternet.sk\/cms\/#\/schema\/logo\/image\/","url":"https:\/\/www.juniorinternet.sk\/cms\/wp-content\/uploads\/2020\/01\/JI_orange_zm.png","contentUrl":"https:\/\/www.juniorinternet.sk\/cms\/wp-content\/uploads\/2020\/01\/JI_orange_zm.png","width":350,"height":104,"caption":"Asoci\u00e1cia pre ml\u00e1de\u017e, vedu a techniku"},"image":{"@id":"https:\/\/www.juniorinternet.sk\/cms\/#\/schema\/logo\/image\/"},"sameAs":["https:\/\/www.facebook.com\/amavet\/","https:\/\/www.instagram.com\/amavetsk\/","https:\/\/www.youtube.com\/user\/AMAVETsk"]}]}},"_links":{"self":[{"href":"https:\/\/www.juniorinternet.sk\/cms\/wp-json\/wp\/v2\/pages\/975"}],"collection":[{"href":"https:\/\/www.juniorinternet.sk\/cms\/wp-json\/wp\/v2\/pages"}],"about":[{"href":"https:\/\/www.juniorinternet.sk\/cms\/wp-json\/wp\/v2\/types\/page"}],"author":[{"embeddable":true,"href":"https:\/\/www.juniorinternet.sk\/cms\/wp-json\/wp\/v2\/users\/1"}],"replies":[{"embeddable":true,"href":"https:\/\/www.juniorinternet.sk\/cms\/wp-json\/wp\/v2\/comments?post=975"}],"version-history":[{"count":6,"href":"https:\/\/www.juniorinternet.sk\/cms\/wp-json\/wp\/v2\/pages\/975\/revisions"}],"predecessor-version":[{"id":997,"href":"https:\/\/www.juniorinternet.sk\/cms\/wp-json\/wp\/v2\/pages\/975\/revisions\/997"}],"wp:attachment":[{"href":"https:\/\/www.juniorinternet.sk\/cms\/wp-json\/wp\/v2\/media?parent=975"}],"curies":[{"name":"wp","href":"https:\/\/api.w.org\/{rel}","templated":true}]}}