{"id":361,"date":"2020-01-27T14:06:35","date_gmt":"2020-01-27T13:06:35","guid":{"rendered":"https:\/\/www.juniorinternet.sk\/cms\/?page_id=361"},"modified":"2026-04-08T13:25:06","modified_gmt":"2026-04-08T11:25:06","slug":"program","status":"publish","type":"page","link":"https:\/\/www.juniorinternet.sk\/cms\/program\/","title":{"rendered":"Program konferencie"},"content":{"rendered":"\t\t<div data-elementor-type=\"wp-page\" data-elementor-id=\"361\" class=\"elementor elementor-361\">\n\t\t\t\t\t\t<section class=\"elementor-section elementor-top-section elementor-element elementor-element-934f584 elementor-section-boxed elementor-section-height-default elementor-section-height-default\" data-id=\"934f584\" data-element_type=\"section\">\n\t\t\t\t\t\t<div class=\"elementor-container elementor-column-gap-default\">\n\t\t\t\t\t<div class=\"elementor-column elementor-col-50 elementor-top-column elementor-element elementor-element-8499484\" data-id=\"8499484\" data-element_type=\"column\">\n\t\t\t<div class=\"elementor-widget-wrap elementor-element-populated\">\n\t\t\t\t\t\t<div class=\"elementor-element elementor-element-9982972 elementor-widget elementor-widget-image\" data-id=\"9982972\" data-element_type=\"widget\" data-widget_type=\"image.default\">\n\t\t\t\t<div class=\"elementor-widget-container\">\n\t\t\t\t\t\t\t\t\t\t\t\t\t<img fetchpriority=\"high\" decoding=\"async\" width=\"724\" height=\"1024\" src=\"https:\/\/www.juniorinternet.sk\/cms\/wp-content\/uploads\/2026\/04\/JI-25-Program-724x1024.jpg\" class=\"attachment-large size-large wp-image-3573\" alt=\"\" srcset=\"https:\/\/www.juniorinternet.sk\/cms\/wp-content\/uploads\/2026\/04\/JI-25-Program-724x1024.jpg 724w, https:\/\/www.juniorinternet.sk\/cms\/wp-content\/uploads\/2026\/04\/JI-25-Program-212x300.jpg 212w, https:\/\/www.juniorinternet.sk\/cms\/wp-content\/uploads\/2026\/04\/JI-25-Program-768x1086.jpg 768w, https:\/\/www.juniorinternet.sk\/cms\/wp-content\/uploads\/2026\/04\/JI-25-Program-1086x1536.jpg 1086w, https:\/\/www.juniorinternet.sk\/cms\/wp-content\/uploads\/2026\/04\/JI-25-Program.jpg 1414w\" sizes=\"(max-width: 724px) 100vw, 724px\" \/>\t\t\t\t\t\t\t\t\t\t\t\t\t<\/div>\n\t\t\t\t<\/div>\n\t\t\t\t\t<\/div>\n\t\t<\/div>\n\t\t\t\t<div class=\"elementor-column elementor-col-50 elementor-top-column elementor-element elementor-element-d24cd41\" data-id=\"d24cd41\" data-element_type=\"column\">\n\t\t\t<div class=\"elementor-widget-wrap elementor-element-populated\">\n\t\t\t\t\t\t<div class=\"elementor-element elementor-element-bc18edc elementor-widget elementor-widget-image\" data-id=\"bc18edc\" data-element_type=\"widget\" data-widget_type=\"image.default\">\n\t\t\t\t<div class=\"elementor-widget-container\">\n\t\t\t\t\t\t\t\t\t\t\t\t\t<img decoding=\"async\" width=\"724\" height=\"1024\" src=\"https:\/\/www.juniorinternet.sk\/cms\/wp-content\/uploads\/2026\/04\/JI-26_1-Program-724x1024.jpg\" class=\"attachment-large size-large wp-image-3574\" alt=\"\" srcset=\"https:\/\/www.juniorinternet.sk\/cms\/wp-content\/uploads\/2026\/04\/JI-26_1-Program-724x1024.jpg 724w, https:\/\/www.juniorinternet.sk\/cms\/wp-content\/uploads\/2026\/04\/JI-26_1-Program-212x300.jpg 212w, https:\/\/www.juniorinternet.sk\/cms\/wp-content\/uploads\/2026\/04\/JI-26_1-Program-768x1086.jpg 768w, https:\/\/www.juniorinternet.sk\/cms\/wp-content\/uploads\/2026\/04\/JI-26_1-Program-1086x1536.jpg 1086w, https:\/\/www.juniorinternet.sk\/cms\/wp-content\/uploads\/2026\/04\/JI-26_1-Program.jpg 1414w\" sizes=\"(max-width: 724px) 100vw, 724px\" \/>\t\t\t\t\t\t\t\t\t\t\t\t\t<\/div>\n\t\t\t\t<\/div>\n\t\t\t\t\t<\/div>\n\t\t<\/div>\n\t\t\t\t\t<\/div>\n\t\t<\/section>\n\t\t\t\t<\/div>\n\t\t","protected":false},"excerpt":{"rendered":"","protected":false},"author":1,"featured_media":0,"parent":0,"menu_order":0,"comment_status":"closed","ping_status":"closed","template":"","meta":{"site-sidebar-layout":"no-sidebar","site-content-layout":"page-builder","ast-global-header-display":"","ast-main-header-display":"","ast-hfb-above-header-display":"","ast-hfb-below-header-display":"","ast-hfb-mobile-header-display":"","site-post-title":"disabled","ast-breadcrumbs-content":"","ast-featured-img":"disabled","footer-sml-layout":"","theme-transparent-header-meta":"default","adv-header-id-meta":"","stick-header-meta":"","header-above-stick-meta":"","header-main-stick-meta":"","header-below-stick-meta":"","_joinchat":[]},"yoast_head":"<!-- This site is optimized with the Yoast SEO plugin v20.7 - https:\/\/yoast.com\/wordpress\/plugins\/seo\/ -->\n<title>Program konferencie - JUNIOR INTERNET AMAVET<\/title>\n<meta name=\"robots\" content=\"index, follow, max-snippet:-1, max-image-preview:large, max-video-preview:-1\" \/>\n<link rel=\"canonical\" href=\"https:\/\/www.juniorinternet.sk\/cms\/program\/\" \/>\n<meta property=\"og:locale\" content=\"sk_SK\" \/>\n<meta property=\"og:type\" content=\"article\" \/>\n<meta property=\"og:title\" content=\"Program konferencie - JUNIOR INTERNET AMAVET\" \/>\n<meta property=\"og:url\" content=\"https:\/\/www.juniorinternet.sk\/cms\/program\/\" \/>\n<meta property=\"og:site_name\" content=\"JUNIOR INTERNET AMAVET\" \/>\n<meta property=\"article:publisher\" content=\"https:\/\/www.facebook.com\/amavet\/\" \/>\n<meta property=\"article:modified_time\" content=\"2026-04-08T11:25:06+00:00\" \/>\n<meta property=\"og:image\" content=\"https:\/\/www.juniorinternet.sk\/cms\/wp-content\/uploads\/2026\/04\/JI-25-Program-724x1024.jpg\" \/>\n<meta name=\"twitter:card\" content=\"summary_large_image\" \/>\n<meta name=\"twitter:label1\" content=\"Predpokladan\u00fd \u010das \u010d\u00edtania\" \/>\n\t<meta name=\"twitter:data1\" content=\"1 min\u00fata\" \/>\n<script type=\"application\/ld+json\" class=\"yoast-schema-graph\">{\"@context\":\"https:\/\/schema.org\",\"@graph\":[{\"@type\":\"WebPage\",\"@id\":\"https:\/\/www.juniorinternet.sk\/cms\/program\/\",\"url\":\"https:\/\/www.juniorinternet.sk\/cms\/program\/\",\"name\":\"Program konferencie - JUNIOR INTERNET AMAVET\",\"isPartOf\":{\"@id\":\"https:\/\/www.juniorinternet.sk\/cms\/#website\"},\"datePublished\":\"2020-01-27T13:06:35+00:00\",\"dateModified\":\"2026-04-08T11:25:06+00:00\",\"breadcrumb\":{\"@id\":\"https:\/\/www.juniorinternet.sk\/cms\/program\/#breadcrumb\"},\"inLanguage\":\"sk-SK\",\"potentialAction\":[{\"@type\":\"ReadAction\",\"target\":[\"https:\/\/www.juniorinternet.sk\/cms\/program\/\"]}]},{\"@type\":\"BreadcrumbList\",\"@id\":\"https:\/\/www.juniorinternet.sk\/cms\/program\/#breadcrumb\",\"itemListElement\":[{\"@type\":\"ListItem\",\"position\":1,\"name\":\"Home\",\"item\":\"https:\/\/www.juniorinternet.sk\/cms\/\"},{\"@type\":\"ListItem\",\"position\":2,\"name\":\"Program konferencie\"}]},{\"@type\":\"WebSite\",\"@id\":\"https:\/\/www.juniorinternet.sk\/cms\/#website\",\"url\":\"https:\/\/www.juniorinternet.sk\/cms\/\",\"name\":\"Junior Internet\",\"description\":\"Organiz\u00e1tor AMAVET\",\"publisher\":{\"@id\":\"https:\/\/www.juniorinternet.sk\/cms\/#organization\"},\"potentialAction\":[{\"@type\":\"SearchAction\",\"target\":{\"@type\":\"EntryPoint\",\"urlTemplate\":\"https:\/\/www.juniorinternet.sk\/cms\/?s={search_term_string}\"},\"query-input\":\"required name=search_term_string\"}],\"inLanguage\":\"sk-SK\"},{\"@type\":\"Organization\",\"@id\":\"https:\/\/www.juniorinternet.sk\/cms\/#organization\",\"name\":\"Asoci\u00e1cia pre ml\u00e1de\u017e, vedu a techniku\",\"url\":\"https:\/\/www.juniorinternet.sk\/cms\/\",\"logo\":{\"@type\":\"ImageObject\",\"inLanguage\":\"sk-SK\",\"@id\":\"https:\/\/www.juniorinternet.sk\/cms\/#\/schema\/logo\/image\/\",\"url\":\"https:\/\/www.juniorinternet.sk\/cms\/wp-content\/uploads\/2020\/01\/JI_orange_zm.png\",\"contentUrl\":\"https:\/\/www.juniorinternet.sk\/cms\/wp-content\/uploads\/2020\/01\/JI_orange_zm.png\",\"width\":350,\"height\":104,\"caption\":\"Asoci\u00e1cia pre ml\u00e1de\u017e, vedu a techniku\"},\"image\":{\"@id\":\"https:\/\/www.juniorinternet.sk\/cms\/#\/schema\/logo\/image\/\"},\"sameAs\":[\"https:\/\/www.facebook.com\/amavet\/\",\"https:\/\/www.instagram.com\/amavetsk\/\",\"https:\/\/www.youtube.com\/user\/AMAVETsk\"]}]}<\/script>\n<!-- \/ Yoast SEO plugin. -->","yoast_head_json":{"title":"Program konferencie - JUNIOR INTERNET AMAVET","robots":{"index":"index","follow":"follow","max-snippet":"max-snippet:-1","max-image-preview":"max-image-preview:large","max-video-preview":"max-video-preview:-1"},"canonical":"https:\/\/www.juniorinternet.sk\/cms\/program\/","og_locale":"sk_SK","og_type":"article","og_title":"Program konferencie - JUNIOR INTERNET AMAVET","og_url":"https:\/\/www.juniorinternet.sk\/cms\/program\/","og_site_name":"JUNIOR INTERNET AMAVET","article_publisher":"https:\/\/www.facebook.com\/amavet\/","article_modified_time":"2026-04-08T11:25:06+00:00","og_image":[{"url":"https:\/\/www.juniorinternet.sk\/cms\/wp-content\/uploads\/2026\/04\/JI-25-Program-724x1024.jpg"}],"twitter_card":"summary_large_image","twitter_misc":{"Predpokladan\u00fd \u010das \u010d\u00edtania":"1 min\u00fata"},"schema":{"@context":"https:\/\/schema.org","@graph":[{"@type":"WebPage","@id":"https:\/\/www.juniorinternet.sk\/cms\/program\/","url":"https:\/\/www.juniorinternet.sk\/cms\/program\/","name":"Program konferencie - JUNIOR INTERNET AMAVET","isPartOf":{"@id":"https:\/\/www.juniorinternet.sk\/cms\/#website"},"datePublished":"2020-01-27T13:06:35+00:00","dateModified":"2026-04-08T11:25:06+00:00","breadcrumb":{"@id":"https:\/\/www.juniorinternet.sk\/cms\/program\/#breadcrumb"},"inLanguage":"sk-SK","potentialAction":[{"@type":"ReadAction","target":["https:\/\/www.juniorinternet.sk\/cms\/program\/"]}]},{"@type":"BreadcrumbList","@id":"https:\/\/www.juniorinternet.sk\/cms\/program\/#breadcrumb","itemListElement":[{"@type":"ListItem","position":1,"name":"Home","item":"https:\/\/www.juniorinternet.sk\/cms\/"},{"@type":"ListItem","position":2,"name":"Program konferencie"}]},{"@type":"WebSite","@id":"https:\/\/www.juniorinternet.sk\/cms\/#website","url":"https:\/\/www.juniorinternet.sk\/cms\/","name":"Junior Internet","description":"Organiz\u00e1tor AMAVET","publisher":{"@id":"https:\/\/www.juniorinternet.sk\/cms\/#organization"},"potentialAction":[{"@type":"SearchAction","target":{"@type":"EntryPoint","urlTemplate":"https:\/\/www.juniorinternet.sk\/cms\/?s={search_term_string}"},"query-input":"required name=search_term_string"}],"inLanguage":"sk-SK"},{"@type":"Organization","@id":"https:\/\/www.juniorinternet.sk\/cms\/#organization","name":"Asoci\u00e1cia pre ml\u00e1de\u017e, vedu a techniku","url":"https:\/\/www.juniorinternet.sk\/cms\/","logo":{"@type":"ImageObject","inLanguage":"sk-SK","@id":"https:\/\/www.juniorinternet.sk\/cms\/#\/schema\/logo\/image\/","url":"https:\/\/www.juniorinternet.sk\/cms\/wp-content\/uploads\/2020\/01\/JI_orange_zm.png","contentUrl":"https:\/\/www.juniorinternet.sk\/cms\/wp-content\/uploads\/2020\/01\/JI_orange_zm.png","width":350,"height":104,"caption":"Asoci\u00e1cia pre ml\u00e1de\u017e, vedu a techniku"},"image":{"@id":"https:\/\/www.juniorinternet.sk\/cms\/#\/schema\/logo\/image\/"},"sameAs":["https:\/\/www.facebook.com\/amavet\/","https:\/\/www.instagram.com\/amavetsk\/","https:\/\/www.youtube.com\/user\/AMAVETsk"]}]}},"_links":{"self":[{"href":"https:\/\/www.juniorinternet.sk\/cms\/wp-json\/wp\/v2\/pages\/361"}],"collection":[{"href":"https:\/\/www.juniorinternet.sk\/cms\/wp-json\/wp\/v2\/pages"}],"about":[{"href":"https:\/\/www.juniorinternet.sk\/cms\/wp-json\/wp\/v2\/types\/page"}],"author":[{"embeddable":true,"href":"https:\/\/www.juniorinternet.sk\/cms\/wp-json\/wp\/v2\/users\/1"}],"replies":[{"embeddable":true,"href":"https:\/\/www.juniorinternet.sk\/cms\/wp-json\/wp\/v2\/comments?post=361"}],"version-history":[{"count":6,"href":"https:\/\/www.juniorinternet.sk\/cms\/wp-json\/wp\/v2\/pages\/361\/revisions"}],"predecessor-version":[{"id":3577,"href":"https:\/\/www.juniorinternet.sk\/cms\/wp-json\/wp\/v2\/pages\/361\/revisions\/3577"}],"wp:attachment":[{"href":"https:\/\/www.juniorinternet.sk\/cms\/wp-json\/wp\/v2\/media?parent=361"}],"curies":[{"name":"wp","href":"https:\/\/api.w.org\/{rel}","templated":true}]}}